{"id":1075,"date":"2024-08-02T04:28:38","date_gmt":"2024-08-02T04:28:38","guid":{"rendered":"https:\/\/dev-nep4u1.pantheonsite.io\/?post_type=product&#038;p=1075"},"modified":"2025-02-17T09:42:01","modified_gmt":"2025-02-17T09:42:01","slug":"elegant-sapphire-2","status":"publish","type":"product","link":"https:\/\/neptun-diving.de\/en\/product\/elegant-sapphire-2\/","title":{"rendered":"Bubbles Maker"},"content":{"rendered":"<p><span class=\"BxUVEf ILfuVd\" lang=\"de\"><span class=\"hgKElc\"><b>Bubblemaker<\/b>&#8218; <b>macht<\/b> so viel Spa\u00df, wie es klingt &#8211; es bietet Kindern Gelegenheit, mit ihrer Tauchausr\u00fcstung unter Wasser Blasen zu <b>machen<\/b>. Kinder, die mindestens 8 Jahre alt sind, k\u00f6nnen Tauchausr\u00fcstung verwenden, um unter Wasser zu atmen und in flachem Wasser herumzuschwimmen.<\/span><\/span><\/p>","protected":false},"excerpt":{"rendered":"<p>Bubblemaker&#8218; macht so viel Spa\u00df, wie es klingt &#8211; es bietet Kindern Gelegenheit, mit ihrer Tauchausr\u00fcstung unter Wasser Blasen zu machen. Kinder, die mindestens 8 Jahre alt sind, k\u00f6nnen Tauchausr\u00fcstung verwenden, um unter Wasser zu atmen und in flachem Wasser herumzuschwimmen.<\/p>","protected":false},"featured_media":1560,"comment_status":"open","ping_status":"closed","template":"","meta":[],"product_brand":[],"product_cat":[33],"product_tag":[],"class_list":{"0":"post-1075","1":"product","2":"type-product","3":"status-publish","4":"has-post-thumbnail","6":"product_cat-booking","8":"first","9":"instock","10":"virtual","11":"purchasable","12":"product-type-simple"},"_links":{"self":[{"href":"https:\/\/neptun-diving.de\/en\/wp-json\/wp\/v2\/product\/1075","targetHints":{"allow":["GET"]}}],"collection":[{"href":"https:\/\/neptun-diving.de\/en\/wp-json\/wp\/v2\/product"}],"about":[{"href":"https:\/\/neptun-diving.de\/en\/wp-json\/wp\/v2\/types\/product"}],"replies":[{"embeddable":true,"href":"https:\/\/neptun-diving.de\/en\/wp-json\/wp\/v2\/comments?post=1075"}],"wp:featuredmedia":[{"embeddable":true,"href":"https:\/\/neptun-diving.de\/en\/wp-json\/wp\/v2\/media\/1560"}],"wp:attachment":[{"href":"https:\/\/neptun-diving.de\/en\/wp-json\/wp\/v2\/media?parent=1075"}],"wp:term":[{"taxonomy":"product_brand","embeddable":true,"href":"https:\/\/neptun-diving.de\/en\/wp-json\/wp\/v2\/product_brand?post=1075"},{"taxonomy":"product_cat","embeddable":true,"href":"https:\/\/neptun-diving.de\/en\/wp-json\/wp\/v2\/product_cat?post=1075"},{"taxonomy":"product_tag","embeddable":true,"href":"https:\/\/neptun-diving.de\/en\/wp-json\/wp\/v2\/product_tag?post=1075"}],"curies":[{"name":"wp","href":"https:\/\/api.w.org\/{rel}","templated":true}]}}