{"id":1858,"date":"2025-09-24T15:02:28","date_gmt":"2025-09-24T15:02:28","guid":{"rendered":"https:\/\/neptun-diving.de\/?page_id=1858"},"modified":"2025-09-25T13:54:18","modified_gmt":"2025-09-25T13:54:18","slug":"helfe-bei-auswanderung","status":"publish","type":"page","link":"https:\/\/neptun-diving.de\/en\/helfe-bei-auswanderung\/","title":{"rendered":"Helfe bei der Auswanderung"},"content":{"rendered":"<div class=\"wp-block-cover\"><img fetchpriority=\"high\" decoding=\"async\" width=\"1024\" height=\"682\" class=\"wp-block-cover__image-background wp-image-1863\" alt=\"\" src=\"https:\/\/neptun-diving.de\/wp-content\/uploads\/2025\/09\/two-new-german-passports-in-the-hands-of-a-man-1024x682.webp\" data-object-fit=\"cover\" srcset=\"https:\/\/neptun-diving.de\/wp-content\/uploads\/2025\/09\/two-new-german-passports-in-the-hands-of-a-man-1024x682.webp 1024w, https:\/\/neptun-diving.de\/wp-content\/uploads\/2025\/09\/two-new-german-passports-in-the-hands-of-a-man-300x200.webp 300w, https:\/\/neptun-diving.de\/wp-content\/uploads\/2025\/09\/two-new-german-passports-in-the-hands-of-a-man-768x512.webp 768w, https:\/\/neptun-diving.de\/wp-content\/uploads\/2025\/09\/two-new-german-passports-in-the-hands-of-a-man-1536x1024.webp 1536w, https:\/\/neptun-diving.de\/wp-content\/uploads\/2025\/09\/two-new-german-passports-in-the-hands-of-a-man-2048x1365.webp 2048w, https:\/\/neptun-diving.de\/wp-content\/uploads\/2025\/09\/two-new-german-passports-in-the-hands-of-a-man-18x12.webp 18w, https:\/\/neptun-diving.de\/wp-content\/uploads\/2025\/09\/two-new-german-passports-in-the-hands-of-a-man-600x400.webp 600w\" sizes=\"(max-width: 1024px) 100vw, 1024px\" \/><span aria-hidden=\"true\" class=\"wp-block-cover__background has-background-dim\"><\/span><div class=\"wp-block-cover__inner-container is-layout-flow wp-block-cover-is-layout-flow\">\n<p><br><br><br><br><\/p>\n\n\n\n<p><strong>Visa<\/strong> <strong>Angelegenheiten und Beh\u00f6rden G\u00e4nge.<\/strong><\/p>\n\n\n\n<p><\/p>\n\n\n\n<p><\/p>\n\n\n\n<p>Helfe bei Auswanderung<br>Eine Auswanderung ist ein bedeutender Schritt, der sorgf\u00e4ltige Planung und Organisation erfordert.      Ich biete Ihnen kompetente Unterst\u00fctzung bei allen notwendigen Formalit\u00e4ten,                                     damit Ihr Start im neuen Land reibungslos gelingt.<br>Meine Leistungen umfassen:<br>\u2022 Beratung und Unterst\u00fctzung bei Visa- und Aufenthaltsangelegenheiten<br>\u2022 Begleitung bei Beh\u00f6rdeng\u00e4ngen und Antragsstellungen<br>\u2022 Hilfe bei der Vorbereitung und Einreichung von Unterlagen<br>\u2022 Individuelle Beratung zu rechtlichen und organisatorischen Fragen<\/p>\n\n\n\n<p><br>Mit meiner Erfahrung und Fachkenntnis stehe ich Ihnen zuverl\u00e4ssig zur Seite, damit Sie sich auf das Wesentliche konzentrieren k\u00f6nnen \u2013 <\/p>\n\n\n\n<p>Ihr neues Leben im Ausland.<br><\/p>\n<\/div><\/div>\n\n\n\n<div class=\"wp-block-group is-layout-constrained wp-block-group-is-layout-constrained\">\n<div class=\"wp-block-cover\"><img decoding=\"async\" width=\"1024\" height=\"683\" class=\"wp-block-cover__image-background wp-image-1867\" alt=\"\" src=\"https:\/\/neptun-diving.de\/wp-content\/uploads\/2025\/09\/476199477.jpg\" data-object-fit=\"cover\" srcset=\"https:\/\/neptun-diving.de\/wp-content\/uploads\/2025\/09\/476199477.jpg 1024w, https:\/\/neptun-diving.de\/wp-content\/uploads\/2025\/09\/476199477-300x200.jpg 300w, https:\/\/neptun-diving.de\/wp-content\/uploads\/2025\/09\/476199477-768x512.jpg 768w, https:\/\/neptun-diving.de\/wp-content\/uploads\/2025\/09\/476199477-18x12.jpg 18w, https:\/\/neptun-diving.de\/wp-content\/uploads\/2025\/09\/476199477-600x400.jpg 600w\" sizes=\"(max-width: 1024px) 100vw, 1024px\" \/><span aria-hidden=\"true\" class=\"wp-block-cover__background has-background-dim\"><\/span><div class=\"wp-block-cover__inner-container is-layout-flow wp-block-cover-is-layout-flow\">\n<p><\/p>\n\n\n\n<p><\/p>\n\n\n\n<p>Unterst\u00fctzung beim festen Wohnsitz in \u00c4gypten<\/p>\n\n\n\n<p>Ein fester Wohnsitz in \u00c4gypten erfordert eine sorgf\u00e4ltige Planung \u2013 sowohl rechtlich als auch organisatorisch. Ich begleite Sie dabei, den passenden Standort und die richtige Immobilie f\u00fcr Ihre Bed\u00fcrfnisse zu finden, und unterst\u00fctze Sie zuverl\u00e4ssig bei allen wichtigen Schritten.<\/p>\n\n\n\n<p>Meine Leistungen umfassen:<br>\u2022 Beratung bei der Wahl geeigneter Wohngegenden unter Ber\u00fccksichtigung von Sicherheit und Lebensqualit\u00e4t<br>\u2022 Unterst\u00fctzung bei der Wohnungs- oder Haussuche sowie bei Miet- oder Kaufvertr\u00e4gen<br>\u2022 Begleitung bei der Registrierung und Beh\u00f6rdeng\u00e4ngen<br>\u2022 Beratung zur Infrastruktur (Einkaufsm\u00f6glichkeiten, medizinische Versorgung, Verkehrsanbindung)<br>\u2022 Informationen und Unterst\u00fctzung bei der Wahl von Schulen und Kinderg\u00e4rten<br>\u2022 Praktische Tipps f\u00fcr die schnelle Eingew\u00f6hnung und den Alltag vor Ort<\/p>\n\n\n\n<p>So stellen Sie sicher, dass Ihr neuer Lebensmittelpunkt in \u00c4gypten von Beginn an gut organisiert, familienfreundlich und zukunftssicher ist.<\/p>\n\n\n\n<p><\/p>\n<\/div><\/div>\n<\/div>\n\n\n\n<div class=\"wp-block-cover\"><img decoding=\"async\" width=\"640\" height=\"427\" class=\"wp-block-cover__image-background wp-image-1871\" alt=\"\" src=\"https:\/\/neptun-diving.de\/wp-content\/uploads\/2025\/09\/1c821298-0001-0004-0000-000000553872_w640_r1.5_fpx57.97_fpy55.01.jpg\" data-object-fit=\"cover\" srcset=\"https:\/\/neptun-diving.de\/wp-content\/uploads\/2025\/09\/1c821298-0001-0004-0000-000000553872_w640_r1.5_fpx57.97_fpy55.01.jpg 640w, https:\/\/neptun-diving.de\/wp-content\/uploads\/2025\/09\/1c821298-0001-0004-0000-000000553872_w640_r1.5_fpx57.97_fpy55.01-300x200.jpg 300w, https:\/\/neptun-diving.de\/wp-content\/uploads\/2025\/09\/1c821298-0001-0004-0000-000000553872_w640_r1.5_fpx57.97_fpy55.01-18x12.jpg 18w, https:\/\/neptun-diving.de\/wp-content\/uploads\/2025\/09\/1c821298-0001-0004-0000-000000553872_w640_r1.5_fpx57.97_fpy55.01-600x400.jpg 600w\" sizes=\"(max-width: 640px) 100vw, 640px\" \/><span aria-hidden=\"true\" class=\"wp-block-cover__background has-background-dim\"><\/span><div class=\"wp-block-cover__inner-container is-layout-flow wp-block-cover-is-layout-flow\">\n<p>Hilfe beim Auswandern \u2013 Auto &amp; Wohnung im Ausland sicher kaufen\u201c<\/p>\n\n\n\n<p><\/p>\n\n\n\n<p>Wir unterst\u00fctzen dich Schritt f\u00fcr Schritt beim Autokauf, Wohnungs- oder Hauskauf im Ausland. Mit praktischen Checklisten, Insider-Tipps und Kontakten vor Ort machst du den Umzug in dein neues Leben einfacher und sicherer.<\/p>\n<\/div><\/div>","protected":false},"excerpt":{"rendered":"","protected":false},"author":1,"featured_media":0,"parent":0,"menu_order":0,"comment_status":"closed","ping_status":"closed","template":"","meta":{"footnotes":""},"class_list":["post-1858","page","type-page","status-publish","hentry"],"_links":{"self":[{"href":"https:\/\/neptun-diving.de\/en\/wp-json\/wp\/v2\/pages\/1858","targetHints":{"allow":["GET"]}}],"collection":[{"href":"https:\/\/neptun-diving.de\/en\/wp-json\/wp\/v2\/pages"}],"about":[{"href":"https:\/\/neptun-diving.de\/en\/wp-json\/wp\/v2\/types\/page"}],"author":[{"embeddable":true,"href":"https:\/\/neptun-diving.de\/en\/wp-json\/wp\/v2\/users\/1"}],"replies":[{"embeddable":true,"href":"https:\/\/neptun-diving.de\/en\/wp-json\/wp\/v2\/comments?post=1858"}],"version-history":[{"count":5,"href":"https:\/\/neptun-diving.de\/en\/wp-json\/wp\/v2\/pages\/1858\/revisions"}],"predecessor-version":[{"id":1873,"href":"https:\/\/neptun-diving.de\/en\/wp-json\/wp\/v2\/pages\/1858\/revisions\/1873"}],"wp:attachment":[{"href":"https:\/\/neptun-diving.de\/en\/wp-json\/wp\/v2\/media?parent=1858"}],"curies":[{"name":"wp","href":"https:\/\/api.w.org\/{rel}","templated":true}]}}